{"id":886,"date":"2026-04-03T10:00:49","date_gmt":"2026-04-03T10:00:49","guid":{"rendered":"https:\/\/cranky-chandrasekhar.87-106-246-56.plesk.page\/?page_id=886"},"modified":"2026-04-03T10:33:27","modified_gmt":"2026-04-03T10:33:27","slug":"dove-siamo","status":"publish","type":"page","link":"https:\/\/cranky-chandrasekhar.87-106-246-56.plesk.page\/?page_id=886","title":{"rendered":"Dove siamo"},"content":{"rendered":"\t\t<div data-elementor-type=\"wp-page\" data-elementor-id=\"886\" class=\"elementor elementor-886\" data-elementor-post-type=\"page\">\n\t\t\t\t<div class=\"elementor-element elementor-element-f9c9ca7 e-con-full e-flex e-con e-parent\" data-id=\"f9c9ca7\" data-element_type=\"container\" data-e-type=\"container\" data-settings=\"{&quot;background_background&quot;:&quot;classic&quot;}\">\n\t\t\t\t<div class=\"elementor-element elementor-element-6399828 e-con e-atomic-element e-div-block-base e-6399828-1034b31\" data-id=\"6399828\" data-element_type=\"e-div-block\" data-e-type=\"e-div-block\" data-e-type=\"e-div-block\" data-id=\"6399828\">\n\t\t\t\t\t\t\t\t<p class=\"e-a74592d-0cbb5ed e-paragraph-base\" data-interaction-id=\"a74592d\" data-interactions=\"&#x5B;&#x5D;\"  data-e-type=\"widget\" data-id=\"a74592d\">\n\t\t\t\t\t\t\t\tSi \u00e8 sempre dato per scontato che Venezia \u00e8 la citt\u00e0 ideale per una luna di miele, ma \u00e8 un grave errore. Vivere a Venezia, o semplicemente visitarla, significa innamorarsene e nel cuore non resta pi\u00f9 posto per altro.<br>(Peggy Guggenheim)\\\n\t\t\t\t\t<\/p>\n\t\t\t\t<\/div>\n\t\t\t\t<\/div>\n\t\t<div class=\"elementor-element elementor-element-fe901ea e-flex e-con-boxed e-con e-parent\" data-id=\"fe901ea\" data-element_type=\"container\" data-e-type=\"container\">\n\t\t\t\t\t<div class=\"e-con-inner\">\n\t\t<div class=\"elementor-element elementor-element-8b2b80a e-con-full e-flex e-con e-child\" data-id=\"8b2b80a\" data-element_type=\"container\" data-e-type=\"container\">\n\t\t\t\t\t\t\t\n\t\t<img class=\"e-image-base \" \n\t\t\t\t\tdata-interaction-id=\"1c44671\" \n\t\t\tdata-interactions=\"&#x5B;&#x5D;\"\n\t\t \n\t\t data-e-type=\"widget\" data-id=\"1c44671\"\n\t\t\t\t\t\t\t\t\tid=\"889\"\n\t\t\t\t\t\t\t\t\t\t\t\tsrc=\"https:\/\/cranky-chandrasekhar.87-106-246-56.plesk.page\/wp-content\/uploads\/2026\/04\/SAnta-Croce.jpg\"\n\t\t\t\t\t\t\t\t\t\t\t\twidth=\"640\"\n\t\t\t\t\t\t\t\t\t\t\t\theight=\"960\"\n\t\t\t\t\t\t\t\t\t\t\t\tsrcset=\"https:\/\/cranky-chandrasekhar.87-106-246-56.plesk.page\/wp-content\/uploads\/2026\/04\/SAnta-Croce.jpg 640w, https:\/\/cranky-chandrasekhar.87-106-246-56.plesk.page\/wp-content\/uploads\/2026\/04\/SAnta-Croce-200x300.jpg 200w\"\n\t\t\t\t\t\t\t\t\t\t\t\talt=\"\"\n\t\t\t\t\t\t\/>\n\t\t\t\t\t<\/div>\n\t\t<div class=\"elementor-element elementor-element-dd4f896 e-con-full e-flex e-con e-child\" data-id=\"dd4f896\" data-element_type=\"container\" data-e-type=\"container\">\n\t\t\t\t<div class=\"elementor-element elementor-element-ab70d01 e-con e-atomic-element e-div-block-base e-ab70d01-9ad9a92\" data-id=\"ab70d01\" data-element_type=\"e-div-block\" data-e-type=\"e-div-block\" data-e-type=\"e-div-block\" data-id=\"ab70d01\">\n\t\t\t\t<div class=\"elementor-element elementor-element-c813328 elementor-widget__width-auto elementor-widget elementor-widget-heading\" data-id=\"c813328\" data-element_type=\"widget\" data-e-type=\"widget\" data-widget_type=\"heading.default\">\n\t\t\t\t\t<h5 class=\"elementor-heading-title elementor-size-default\">Location<\/h5>\t\t\t\t<\/div>\n\t\t\t\t<div class=\"elementor-element elementor-element-24a48aa elementor-widget__width-auto elementor-widget-divider--view-line elementor-widget elementor-widget-divider\" data-id=\"24a48aa\" data-element_type=\"widget\" data-e-type=\"widget\" data-widget_type=\"divider.default\">\n\t\t\t\t\t\t\t<div class=\"elementor-divider\">\n\t\t\t<span class=\"elementor-divider-separator\">\n\t\t\t\t\t\t<\/span>\n\t\t<\/div>\n\t\t\t\t\t\t<\/div>\n\t\t\t\t<\/div>\n\t\t\t\t<div class=\"elementor-element elementor-element-62d5735 e-con e-atomic-element e-div-block-base e-62d5735-b8ef23c\" data-id=\"62d5735\" data-element_type=\"e-div-block\" data-e-type=\"e-div-block\" data-e-type=\"e-div-block\" data-id=\"62d5735\">\n\t\t\t\t\t\t\t<h2 \n\t\tdata-interaction-id=\"1a4135f\" \n\t\tclass=\"e-1a4135f-8f35de2 e-heading-base\" \n\t\t \n\t\tdata-e-type=\"widget\" data-id=\"1a4135f\"\n\t\t\t>\n\t\n\t\t\tVenezia, Santa Croce\n\t\t<\/h2>\n\t\t\t\t\t\t\t\t<p class=\"e-851b09a-673d2c0 e-paragraph-base\" data-interaction-id=\"851b09a\" data-interactions=\"&#x5B;&#x5D;\"  data-e-type=\"widget\" data-id=\"851b09a\">\n\t\t\t\t\t\t\t\t<strong>Santa Croce<\/strong> \u00e8 il <strong>sestiere pi\u00f9 antico<\/strong>, ancora legato alla quotidianit\u00e0 veneziana.<br><br>Qui il ritmo \u00e8 naturale e semplice, lontano dai percorsi pi\u00f9 turistici.<br><br>Cinqueteste unisce<strong> la quiete di Santa Croce<\/strong> alla <strong>vicinanza con Piazzale Roma e la Stazione Ferroviaria.<\/strong><br><br>Una posizione <strong>privilegiata<\/strong>, semplice da raggiungere, esclusiva per soggiornare.<br><br>\n\t\t\t\t\t<\/p>\n\t\t\t\t\t\t\t<h3 \n\t\tdata-interaction-id=\"d62cd2d\" \n\t\tclass=\"e-d62cd2d-57c6c81 e-heading-base\" \n\t\t \n\t\tdata-e-type=\"widget\" data-id=\"d62cd2d\"\n\t\t\t>\n\t\n\t\t\tCinqueteste\n\t\t<\/h3>\n\t\t\t\t\t\t\t\t<p class=\"e-1e08aab-fb7302c e-paragraph-base\" data-interaction-id=\"1e08aab\" data-interactions=\"&#x5B;&#x5D;\"  data-e-type=\"widget\" data-id=\"1e08aab\">\n\t\t\t\t\t\t\t\tSestiere S. Croce 638 \u2013 Calle Dario, 30135 Venezia VE, Italia\n\t\t\t\t\t<\/p>\n\t\t\t\t<div class=\"elementor-element elementor-element-2822463 elementor-widget elementor-widget-button\" data-id=\"2822463\" data-element_type=\"widget\" data-e-type=\"widget\" data-widget_type=\"button.default\">\n\t\t\t\t\t\t\t\t\t\t<a class=\"elementor-button elementor-button-link elementor-size-sm\" href=\"#map\">\n\t\t\t\t\t\t<span class=\"elementor-button-content-wrapper\">\n\t\t\t\t\t\t\t\t\t<span class=\"elementor-button-text\">Scopri dove siamo<\/span>\n\t\t\t\t\t<\/span>\n\t\t\t\t\t<\/a>\n\t\t\t\t\t\t\t\t<\/div>\n\t\t\t\t<\/div>\n\t\t\t\t<\/div>\n\t\t\t\t\t<\/div>\n\t\t\t\t<\/div>\n\t\t<div class=\"elementor-element elementor-element-e0a1d45 e-flex e-con-boxed e-con e-parent\" data-id=\"e0a1d45\" data-element_type=\"container\" data-e-type=\"container\">\n\t\t\t\t\t<div class=\"e-con-inner\">\n\t\t\t\t<div class=\"elementor-element elementor-element-3e3dd44 e-con e-atomic-element e-div-block-base e-3e3dd44-5fb6f83\" data-id=\"3e3dd44\" data-element_type=\"e-div-block\" data-e-type=\"e-div-block\" data-e-type=\"e-div-block\" data-id=\"3e3dd44\">\n\t\t\t\t<div class=\"elementor-element elementor-element-b092aab elementor-widget__width-auto elementor-widget elementor-widget-heading\" data-id=\"b092aab\" data-element_type=\"widget\" data-e-type=\"widget\" data-widget_type=\"heading.default\">\n\t\t\t\t\t<h5 class=\"elementor-heading-title elementor-size-default\">Nelle vicinanze<\/h5>\t\t\t\t<\/div>\n\t\t\t\t<div class=\"elementor-element elementor-element-12a4df8 elementor-widget__width-auto elementor-widget-divider--view-line elementor-widget elementor-widget-divider\" data-id=\"12a4df8\" data-element_type=\"widget\" data-e-type=\"widget\" data-widget_type=\"divider.default\">\n\t\t\t\t\t\t\t<div class=\"elementor-divider\">\n\t\t\t<span class=\"elementor-divider-separator\">\n\t\t\t\t\t\t<\/span>\n\t\t<\/div>\n\t\t\t\t\t\t<\/div>\n\t\t\t\t<\/div>\n\t\t\t\t<div class=\"elementor-element elementor-element-2874590 e-con e-atomic-element e-div-block-base e-2874590-26a68af\" data-id=\"2874590\" data-element_type=\"e-div-block\" data-e-type=\"e-div-block\" data-e-type=\"e-div-block\" data-id=\"2874590\">\n\t\t\t\t\t\t\t<h2 \n\t\tdata-interaction-id=\"e0a505a\" \n\t\tclass=\"e-e0a505a-2599a9c e-heading-base\" \n\t\t \n\t\tdata-e-type=\"widget\" data-id=\"e0a505a\"\n\t\t\t>\n\t\n\t\t\tStoria e cultura\n\t\t<\/h2>\n\t\t\t\t\t\t\t<h3 \n\t\tdata-interaction-id=\"39f587b\" \n\t\tclass=\"e-heading-base\" \n\t\t \n\t\tdata-e-type=\"widget\" data-id=\"39f587b\"\n\t\t\t>\n\t\n\t\t\tScopri i dintorni\n\t\t<\/h3>\n\t\t\t\t\t\t\t\t<p class=\"e-paragraph-base\" data-interaction-id=\"27ee7b3\" data-interactions=\"&#x5B;&#x5D;\"  data-e-type=\"widget\" data-id=\"27ee7b3\">\n\t\t\t\t\t\t\t\tNei dintorni si trovano grandi opere: la Basilica dei Frari, la Scuola Grande di San Rocco e alcuni tra gli scorci pi\u00f9 belli e silenziosi della citt\u00e0\n\t\t\t\t\t<\/p>\n\t\t\t\t<\/div>\n\t\t\t\t\t<\/div>\n\t\t\t\t<\/div>\n\t\t<div class=\"elementor-element elementor-element-c474043 e-con-full e-flex e-con e-parent\" data-id=\"c474043\" data-element_type=\"container\" data-e-type=\"container\">\n\t\t\t\t<div class=\"elementor-element elementor-element-71f15e2 elementor-arrows-position-inside elementor-widget elementor-widget-n-carousel\" data-id=\"71f15e2\" data-element_type=\"widget\" data-e-type=\"widget\" data-settings=\"{&quot;carousel_items&quot;:[{&quot;slide_title&quot;:&quot;Slide #1&quot;,&quot;_id&quot;:&quot;20f4ed3&quot;},{&quot;slide_title&quot;:&quot;Slide #2&quot;,&quot;_id&quot;:&quot;90ddb84&quot;},{&quot;slide_title&quot;:&quot;Slide #3&quot;,&quot;_id&quot;:&quot;1387b52&quot;}],&quot;slides_to_show&quot;:&quot;2&quot;,&quot;offset_sides&quot;:&quot;right&quot;,&quot;offset_width&quot;:{&quot;unit&quot;:&quot;px&quot;,&quot;size&quot;:100,&quot;sizes&quot;:[]},&quot;image_spacing_custom&quot;:{&quot;unit&quot;:&quot;px&quot;,&quot;size&quot;:30,&quot;sizes&quot;:[]},&quot;slides_to_show_tablet&quot;:&quot;2&quot;,&quot;slides_to_show_mobile&quot;:&quot;1&quot;,&quot;autoplay&quot;:&quot;yes&quot;,&quot;autoplay_speed&quot;:5000,&quot;pause_on_hover&quot;:&quot;yes&quot;,&quot;pause_on_interaction&quot;:&quot;yes&quot;,&quot;infinite&quot;:&quot;yes&quot;,&quot;speed&quot;:500,&quot;offset_width_laptop&quot;:{&quot;unit&quot;:&quot;px&quot;,&quot;size&quot;:&quot;&quot;,&quot;sizes&quot;:[]},&quot;offset_width_tablet&quot;:{&quot;unit&quot;:&quot;px&quot;,&quot;size&quot;:&quot;&quot;,&quot;sizes&quot;:[]},&quot;offset_width_mobile&quot;:{&quot;unit&quot;:&quot;px&quot;,&quot;size&quot;:&quot;&quot;,&quot;sizes&quot;:[]},&quot;arrows&quot;:&quot;yes&quot;,&quot;image_spacing_custom_laptop&quot;:{&quot;unit&quot;:&quot;px&quot;,&quot;size&quot;:&quot;&quot;,&quot;sizes&quot;:[]},&quot;image_spacing_custom_tablet&quot;:{&quot;unit&quot;:&quot;px&quot;,&quot;size&quot;:&quot;&quot;,&quot;sizes&quot;:[]},&quot;image_spacing_custom_mobile&quot;:{&quot;unit&quot;:&quot;px&quot;,&quot;size&quot;:&quot;&quot;,&quot;sizes&quot;:[]}}\" data-widget_type=\"nested-carousel.default\">\n\t\t\t\t\t\t\t<div class=\"e-n-carousel swiper\" role=\"region\" aria-roledescription=\"carousel\" aria-label=\"Carousel\" dir=\"ltr\">\n\t\t\t<div class=\"swiper-wrapper\" aria-live=\"off\">\n\t\t\t\t\t\t\t\t\t\t<div class=\"swiper-slide\" data-slide=\"1\" role=\"group\" aria-roledescription=\"slide\" aria-label=\"1 of 3\">\n\t\t\t\t\t\t\t<div class=\"elementor-element elementor-element-ce9fbda e-flex e-con-boxed e-con e-child\" data-id=\"ce9fbda\" data-element_type=\"container\" data-e-type=\"container\">\n\t\t\t\t\t<div class=\"e-con-inner\">\n\t\t\t\t\t\t\t\n\t\t<img class=\"e-image-base e-702aea9-43f4383\" \n\t\t\t\t\tdata-interaction-id=\"702aea9\" \n\t\t\tdata-interactions=\"&#x5B;&#x5D;\"\n\t\t \n\t\t data-e-type=\"widget\" data-id=\"702aea9\"\n\t\t\t\t\t\t\t\t\tid=\"890\"\n\t\t\t\t\t\t\t\t\t\t\t\tsrc=\"https:\/\/cranky-chandrasekhar.87-106-246-56.plesk.page\/wp-content\/uploads\/2026\/04\/frari.jpg\"\n\t\t\t\t\t\t\t\t\t\t\t\twidth=\"640\"\n\t\t\t\t\t\t\t\t\t\t\t\theight=\"434\"\n\t\t\t\t\t\t\t\t\t\t\t\tsrcset=\"https:\/\/cranky-chandrasekhar.87-106-246-56.plesk.page\/wp-content\/uploads\/2026\/04\/frari.jpg 640w, https:\/\/cranky-chandrasekhar.87-106-246-56.plesk.page\/wp-content\/uploads\/2026\/04\/frari-300x203.jpg 300w\"\n\t\t\t\t\t\t\t\t\t\t\t\talt=\"\"\n\t\t\t\t\t\t\/>\n\t\t\t\t\t\t\t\t<h3 \n\t\tdata-interaction-id=\"edcefbf\" \n\t\tclass=\"e-heading-base\" \n\t\t \n\t\tdata-e-type=\"widget\" data-id=\"edcefbf\"\n\t\t\t>\n\t\n\t\t\tBasilica dei Frari\n\t\t<\/h3>\n\t\t\t\t\t<\/div>\n\t\t\t\t<\/div>\n\t\t\t\t\t\t\t\t<\/div>\n\t\t\t\t\t\t\t\t\t\t\t<div class=\"swiper-slide\" data-slide=\"2\" role=\"group\" aria-roledescription=\"slide\" aria-label=\"2 of 3\">\n\t\t\t\t\t\t\t<div class=\"elementor-element elementor-element-4575437 e-flex e-con-boxed e-con e-child\" data-id=\"4575437\" data-element_type=\"container\" data-e-type=\"container\">\n\t\t\t\t\t<div class=\"e-con-inner\">\n\t\t\t\t\t\t\t\n\t\t<img class=\"e-image-base e-dd4d287-648f524\" \n\t\t\t\t\tdata-interaction-id=\"dd4d287\" \n\t\t\tdata-interactions=\"&#x5B;&#x5D;\"\n\t\t \n\t\t data-e-type=\"widget\" data-id=\"dd4d287\"\n\t\t\t\t\t\t\t\t\tid=\"891\"\n\t\t\t\t\t\t\t\t\t\t\t\tsrc=\"https:\/\/cranky-chandrasekhar.87-106-246-56.plesk.page\/wp-content\/uploads\/2026\/04\/san-rocco.jpg\"\n\t\t\t\t\t\t\t\t\t\t\t\twidth=\"640\"\n\t\t\t\t\t\t\t\t\t\t\t\theight=\"519\"\n\t\t\t\t\t\t\t\t\t\t\t\tsrcset=\"https:\/\/cranky-chandrasekhar.87-106-246-56.plesk.page\/wp-content\/uploads\/2026\/04\/san-rocco.jpg 640w, https:\/\/cranky-chandrasekhar.87-106-246-56.plesk.page\/wp-content\/uploads\/2026\/04\/san-rocco-300x243.jpg 300w\"\n\t\t\t\t\t\t\t\t\t\t\t\talt=\"\"\n\t\t\t\t\t\t\/>\n\t\t\t\t\t\t\t\t<h3 \n\t\tdata-interaction-id=\"1a28a2d\" \n\t\tclass=\"e-heading-base\" \n\t\t \n\t\tdata-e-type=\"widget\" data-id=\"1a28a2d\"\n\t\t\t>\n\t\n\t\t\tSan Rocco\n\t\t<\/h3>\n\t\t\t\t\t\t\t\t<p class=\"e-paragraph-base\" data-interaction-id=\"485bf47\" data-interactions=\"&#x5B;&#x5D;\"  data-e-type=\"widget\" data-id=\"485bf47\">\n\t\t\t\t\t\t\t\tAffaccia sul canale e sul Sestiere.\n\t\t\t\t\t<\/p>\n\t\t\t\t\t<\/div>\n\t\t\t\t<\/div>\n\t\t\t\t\t\t\t\t<\/div>\n\t\t\t\t\t\t\t\t\t\t\t<div class=\"swiper-slide\" data-slide=\"3\" role=\"group\" aria-roledescription=\"slide\" aria-label=\"3 of 3\">\n\t\t\t\t\t\t\t<div class=\"elementor-element elementor-element-08b97bc e-flex e-con-boxed e-con e-child\" data-id=\"08b97bc\" data-element_type=\"container\" data-e-type=\"container\">\n\t\t\t\t\t<div class=\"e-con-inner\">\n\t\t\t\t\t\t\t\n\t\t<img class=\"e-image-base e-468fa0d-a1c4422\" \n\t\t\t\t\tdata-interaction-id=\"468fa0d\" \n\t\t\tdata-interactions=\"&#x5B;&#x5D;\"\n\t\t \n\t\t data-e-type=\"widget\" data-id=\"468fa0d\"\n\t\t\t\t\t\t\t\t\tid=\"892\"\n\t\t\t\t\t\t\t\t\t\t\t\tsrc=\"https:\/\/cranky-chandrasekhar.87-106-246-56.plesk.page\/wp-content\/uploads\/2026\/04\/san-stae.jpg\"\n\t\t\t\t\t\t\t\t\t\t\t\twidth=\"640\"\n\t\t\t\t\t\t\t\t\t\t\t\theight=\"715\"\n\t\t\t\t\t\t\t\t\t\t\t\tsrcset=\"https:\/\/cranky-chandrasekhar.87-106-246-56.plesk.page\/wp-content\/uploads\/2026\/04\/san-stae.jpg 640w, https:\/\/cranky-chandrasekhar.87-106-246-56.plesk.page\/wp-content\/uploads\/2026\/04\/san-stae-269x300.jpg 269w\"\n\t\t\t\t\t\t\t\t\t\t\t\talt=\"\"\n\t\t\t\t\t\t\/>\n\t\t\t\t\t\t\t\t<h3 \n\t\tdata-interaction-id=\"5ac5579\" \n\t\tclass=\"e-heading-base\" \n\t\t \n\t\tdata-e-type=\"widget\" data-id=\"5ac5579\"\n\t\t\t>\n\t\n\t\t\tsan Stae\n\t\t<\/h3>\n\t\t\t\t\t\t\t\t<p class=\"e-paragraph-base\" data-interaction-id=\"a40dfaa\" data-interactions=\"&#x5B;&#x5D;\"  data-e-type=\"widget\" data-id=\"a40dfaa\">\n\t\t\t\t\t\t\t\tRomantica e luminosa, con un balconcino che si apre sul giardino segreto.\n\t\t\t\t\t<\/p>\n\t\t\t\t\t<\/div>\n\t\t\t\t<\/div>\n\t\t\t\t\t\t\t\t<\/div>\n\t\t\t\t\t\t\t\t<\/div>\n\t\t<\/div>\n\t\t\t\t\t<div class=\"elementor-swiper-button elementor-swiper-button-prev\" role=\"button\" tabindex=\"0\" aria-label=\"Previous\">\n\t\t\t\t<svg aria-hidden=\"true\" class=\"e-font-icon-svg e-eicon-chevron-left\" viewBox=\"0 0 1000 1000\" xmlns=\"http:\/\/www.w3.org\/2000\/svg\"><path d=\"M646 125C629 125 613 133 604 142L308 442C296 454 292 471 292 487 292 504 296 521 308 533L604 854C617 867 629 875 646 875 663 875 679 871 692 858 704 846 713 829 713 812 713 796 708 779 692 767L438 487 692 225C700 217 708 204 708 187 708 171 704 154 692 142 675 129 663 125 646 125Z\"><\/path><\/svg>\t\t\t<\/div>\n\t\t\t<div class=\"elementor-swiper-button elementor-swiper-button-next\" role=\"button\" tabindex=\"0\" aria-label=\"Next\">\n\t\t\t\t<svg aria-hidden=\"true\" class=\"e-font-icon-svg e-eicon-chevron-right\" viewBox=\"0 0 1000 1000\" xmlns=\"http:\/\/www.w3.org\/2000\/svg\"><path d=\"M696 533C708 521 713 504 713 487 713 471 708 454 696 446L400 146C388 133 375 125 354 125 338 125 325 129 313 142 300 154 292 171 292 187 292 204 296 221 308 233L563 492 304 771C292 783 288 800 288 817 288 833 296 850 308 863 321 871 338 875 354 875 371 875 388 867 400 854L696 533Z\"><\/path><\/svg>\t\t\t<\/div>\n\t\t\t\t\t\t<\/div>\n\t\t\t\t<\/div>\n\t\t<div class=\"elementor-element elementor-element-f7862ea e-flex e-con-boxed e-con e-parent\" data-id=\"f7862ea\" data-element_type=\"container\" data-e-type=\"container\" data-settings=\"{&quot;background_background&quot;:&quot;classic&quot;}\">\n\t\t\t\t\t<div class=\"e-con-inner\">\n\t\t\t\t\t<\/div>\n\t\t\t\t<\/div>\n\t\t<div class=\"elementor-element elementor-element-388cc22 e-flex e-con-boxed e-con e-parent\" data-id=\"388cc22\" data-element_type=\"container\" data-e-type=\"container\">\n\t\t\t\t\t<div class=\"e-con-inner\">\n\t\t\t\t<div class=\"elementor-element elementor-element-4c95eca e-con e-atomic-element e-div-block-base e-4c95eca-94d4d3d\" data-id=\"4c95eca\" data-element_type=\"e-div-block\" data-e-type=\"e-div-block\" data-e-type=\"e-div-block\" data-id=\"4c95eca\">\n\t\t\t\t<div class=\"elementor-element elementor-element-e854444 elementor-widget__width-auto elementor-widget elementor-widget-heading\" data-id=\"e854444\" data-element_type=\"widget\" data-e-type=\"widget\" data-widget_type=\"heading.default\">\n\t\t\t\t\t<h5 class=\"elementor-heading-title elementor-size-default\">come arrivare<\/h5>\t\t\t\t<\/div>\n\t\t\t\t<div class=\"elementor-element elementor-element-6942be1 elementor-widget__width-auto elementor-widget-divider--view-line elementor-widget elementor-widget-divider\" data-id=\"6942be1\" data-element_type=\"widget\" data-e-type=\"widget\" data-widget_type=\"divider.default\">\n\t\t\t\t\t\t\t<div class=\"elementor-divider\">\n\t\t\t<span class=\"elementor-divider-separator\">\n\t\t\t\t\t\t<\/span>\n\t\t<\/div>\n\t\t\t\t\t\t<\/div>\n\t\t\t\t<\/div>\n\t\t\t\t<div class=\"elementor-element elementor-element-2870486 e-con e-atomic-element e-div-block-base e-2870486-18f4896\" data-id=\"2870486\" data-element_type=\"e-div-block\" data-e-type=\"e-div-block\" data-e-type=\"e-div-block\" data-id=\"2870486\">\n\t\t\t\t\t\t\t<h2 \n\t\tdata-interaction-id=\"e1b6300\" \n\t\tclass=\"e-e1b6300-da3a33c e-heading-base\" \n\t\t \n\t\tdata-e-type=\"widget\" data-id=\"e1b6300\"\n\t\t\t>\n\t\n\t\t\tNel cuore di Venezia\n\t\t<\/h2>\n\t\t\t\t\t\t\t<h3 \n\t\tdata-interaction-id=\"7f25989\" \n\t\tclass=\"e-heading-base\" \n\t\t \n\t\tdata-e-type=\"widget\" data-id=\"7f25989\"\n\t\t\t>\n\t\n\t\t\tA due passi dalla Stazione e Pizzale Roma\n\t\t<\/h3>\n\t\t\t\t<\/div>\n\t\t\t\t\t<\/div>\n\t\t\t\t<\/div>\n\t\t<div class=\"elementor-element elementor-element-420160d e-con-full e-flex e-con e-parent\" data-id=\"420160d\" data-element_type=\"container\" data-e-type=\"container\" id=\"map\">\n\t\t\t\t<div class=\"elementor-element elementor-element-7f125c4 elementor-widget elementor-widget-google_maps\" data-id=\"7f125c4\" data-element_type=\"widget\" data-e-type=\"widget\" data-widget_type=\"google_maps.default\">\n\t\t\t\t\t\t\t<div class=\"elementor-custom-embed\">\n\t\t\t<iframe loading=\"lazy\"\n\t\t\t\t\tsrc=\"https:\/\/maps.google.com\/maps?q=Cinqueteste&#038;t=m&#038;z=15&#038;output=embed&#038;iwloc=near\"\n\t\t\t\t\ttitle=\"Cinqueteste\"\n\t\t\t\t\taria-label=\"Cinqueteste\"\n\t\t\t><\/iframe>\n\t\t<\/div>\n\t\t\t\t\t\t<\/div>\n\t\t\t\t<\/div>\n\t\t\t\t<\/div>\n\t\t","protected":false},"excerpt":{"rendered":"<p>Si \u00e8 sempre dato per scontato che Venezia \u00e8 la citt\u00e0 ideale per una luna di miele, ma \u00e8 un grave errore. Vivere a Venezia, o semplicemente visitarla, significa innamorarsene e nel cuore non resta pi\u00f9 posto per altro.(Peggy Guggenheim) Location Venezia, Santa Croce Santa Croce \u00e8 il sestiere pi\u00f9 antico, ancora legato alla quotidianit\u00e0 [&hellip;]<\/p>\n","protected":false},"author":1,"featured_media":0,"parent":0,"menu_order":0,"comment_status":"closed","ping_status":"closed","template":"","meta":{"footnotes":""},"class_list":["post-886","page","type-page","status-publish","hentry"],"_links":{"self":[{"href":"https:\/\/cranky-chandrasekhar.87-106-246-56.plesk.page\/index.php?rest_route=\/wp\/v2\/pages\/886","targetHints":{"allow":["GET"]}}],"collection":[{"href":"https:\/\/cranky-chandrasekhar.87-106-246-56.plesk.page\/index.php?rest_route=\/wp\/v2\/pages"}],"about":[{"href":"https:\/\/cranky-chandrasekhar.87-106-246-56.plesk.page\/index.php?rest_route=\/wp\/v2\/types\/page"}],"author":[{"embeddable":true,"href":"https:\/\/cranky-chandrasekhar.87-106-246-56.plesk.page\/index.php?rest_route=\/wp\/v2\/users\/1"}],"replies":[{"embeddable":true,"href":"https:\/\/cranky-chandrasekhar.87-106-246-56.plesk.page\/index.php?rest_route=%2Fwp%2Fv2%2Fcomments&post=886"}],"version-history":[{"count":10,"href":"https:\/\/cranky-chandrasekhar.87-106-246-56.plesk.page\/index.php?rest_route=\/wp\/v2\/pages\/886\/revisions"}],"predecessor-version":[{"id":909,"href":"https:\/\/cranky-chandrasekhar.87-106-246-56.plesk.page\/index.php?rest_route=\/wp\/v2\/pages\/886\/revisions\/909"}],"wp:attachment":[{"href":"https:\/\/cranky-chandrasekhar.87-106-246-56.plesk.page\/index.php?rest_route=%2Fwp%2Fv2%2Fmedia&parent=886"}],"curies":[{"name":"wp","href":"https:\/\/api.w.org\/{rel}","templated":true}]}}